{"id":671,"date":"2025-02-17T18:56:29","date_gmt":"2025-02-17T21:56:29","guid":{"rendered":"https:\/\/beabaic.com\/academy\/?page_id=671"},"modified":"2025-02-25T11:47:06","modified_gmt":"2025-02-25T14:47:06","slug":"faq","status":"publish","type":"page","link":"https:\/\/beabaic.com\/academy\/faq\/","title":{"rendered":"FAQ"},"content":{"rendered":"\t\t<div data-elementor-type=\"wp-page\" data-elementor-id=\"671\" class=\"elementor elementor-671\" data-elementor-post-type=\"page\">\n\t\t\t\t<div class=\"elementor-element elementor-element-40ca1c2 e-flex e-con-boxed e-con e-parent\" data-id=\"40ca1c2\" data-element_type=\"container\">\n\t\t\t\t\t<div class=\"e-con-inner\">\n\t\t<div class=\"elementor-element elementor-element-b770538 e-con-full e-flex e-con e-child\" data-id=\"b770538\" data-element_type=\"container\">\n\t\t<div class=\"elementor-element elementor-element-df15ac5 e-con-full e-flex e-con e-child\" data-id=\"df15ac5\" data-element_type=\"container\">\n\t\t\t\t<div class=\"elementor-element elementor-element-aa3e038 elementor-widget elementor-widget-heading\" data-id=\"aa3e038\" data-element_type=\"widget\" data-widget_type=\"heading.default\">\n\t\t\t\t<div class=\"elementor-widget-container\">\n\t\t\t\t\t<h6 class=\"elementor-heading-title elementor-size-default\">Perguntas Frequentes<\/h6>\t\t\t\t<\/div>\n\t\t\t\t<\/div>\n\t\t\t\t<div class=\"elementor-element elementor-element-81705fe elementor-widget__width-inherit elementor-widget elementor-widget-heading\" data-id=\"81705fe\" data-element_type=\"widget\" data-widget_type=\"heading.default\">\n\t\t\t\t<div class=\"elementor-widget-container\">\n\t\t\t\t\t<h2 class=\"elementor-heading-title elementor-size-default\">Ficou alguma d\u00favida?<\/h2>\t\t\t\t<\/div>\n\t\t\t\t<\/div>\n\t\t\t\t<div class=\"elementor-element elementor-element-21eaba1 elementor-widget__width-inherit elementor-widget elementor-widget-text-editor\" data-id=\"21eaba1\" data-element_type=\"widget\" data-widget_type=\"text-editor.default\">\n\t\t\t\t<div class=\"elementor-widget-container\">\n\t\t\t\t\t\t\t\t\t<p>Veja algumas perguntas frequentes ou entre em contato.<\/p>\t\t\t\t\t\t\t\t<\/div>\n\t\t\t\t<\/div>\n\t\t\t\t<\/div>\n\t\t<a class=\"elementor-element elementor-element-7874b5b e-con-full e-flex e-con e-child\" data-id=\"7874b5b\" data-element_type=\"container\" data-settings=\"{&quot;background_background&quot;:&quot;classic&quot;}\" href=\"https:\/\/wa.me\/5551992918811?text=Ol%C3%A1,%20vim%20do%20site%20e%20gostaria%20de%20algumas%20informa%C3%A7%C3%B5es.\" target=\"_blank\" rel=\"noopener\">\n\t\t\t\t<div class=\"elementor-element elementor-element-f0f8db5 elementor-view-default elementor-widget elementor-widget-icon\" data-id=\"f0f8db5\" data-element_type=\"widget\" data-widget_type=\"icon.default\">\n\t\t\t\t<div class=\"elementor-widget-container\">\n\t\t\t\t\t\t\t<div class=\"elementor-icon-wrapper\">\n\t\t\t<div class=\"elementor-icon\">\n\t\t\t<svg xmlns=\"http:\/\/www.w3.org\/2000\/svg\" width=\"32\" height=\"32\" viewBox=\"0 0 32 32\" fill=\"none\"><g clip-path=\"url(#clip0_2093_278)\"><path d=\"M9 13C9 11.9391 9.42143 10.9217 10.1716 10.1716C10.9217 9.42143 11.9391 9 13 9L15 13L13.46 15.3088C14.0709 16.7684 15.2316 17.9291 16.6912 18.54L19 17L23 19C23 20.0609 22.5786 21.0783 21.8284 21.8284C21.0783 22.5786 20.0609 23 19 23C16.3478 23 13.8043 21.9464 11.9289 20.0711C10.0536 18.1957 9 15.6522 9 13Z\" stroke=\"#A667E5\" stroke-width=\"1.5\" stroke-linecap=\"round\" stroke-linejoin=\"round\"><\/path><path d=\"M9.99127 26.3889C12.5119 27.8478 15.4771 28.3401 18.334 27.7742C21.1909 27.2083 23.7445 25.6227 25.5186 23.3131C27.2928 21.0035 28.1665 18.1275 27.9768 15.2213C27.787 12.3151 26.5469 9.57703 24.4875 7.51766C22.4281 5.45829 19.6901 4.21814 16.7839 4.02843C13.8777 3.83872 11.0017 4.71239 8.69208 6.48656C6.38246 8.26073 4.79688 10.8143 4.23096 13.6712C3.66505 16.5281 4.15742 19.4932 5.61627 22.0139L4.05252 26.6827C3.99376 26.8589 3.98523 27.0479 4.02789 27.2287C4.07056 27.4095 4.16272 27.5748 4.29405 27.7061C4.42539 27.8375 4.59071 27.9296 4.77148 27.9723C4.95225 28.0149 5.14132 28.0064 5.31752 27.9477L9.99127 26.3889Z\" stroke=\"#A667E5\" stroke-width=\"1.5\" stroke-linecap=\"round\" stroke-linejoin=\"round\"><\/path><\/g><defs><clipPath id=\"clip0_2093_278\"><rect width=\"32\" height=\"32\" fill=\"white\"><\/rect><\/clipPath><\/defs><\/svg>\t\t\t<\/div>\n\t\t<\/div>\n\t\t\t\t\t\t<\/div>\n\t\t\t\t<\/div>\n\t\t\t\t<div class=\"elementor-element elementor-element-4147af9 elementor-widget elementor-widget-heading\" data-id=\"4147af9\" data-element_type=\"widget\" data-widget_type=\"heading.default\">\n\t\t\t\t<div class=\"elementor-widget-container\">\n\t\t\t\t\t<h6 class=\"elementor-heading-title elementor-size-default\">Atendimento via Whatsapp<\/h6>\t\t\t\t<\/div>\n\t\t\t\t<\/div>\n\t\t\t\t<div class=\"elementor-element elementor-element-0a96a77 elementor-widget elementor-widget-heading\" data-id=\"0a96a77\" data-element_type=\"widget\" data-widget_type=\"heading.default\">\n\t\t\t\t<div class=\"elementor-widget-container\">\n\t\t\t\t\t<h6 class=\"elementor-heading-title elementor-size-default\">(51) 99291-8811<\/h6>\t\t\t\t<\/div>\n\t\t\t\t<\/div>\n\t\t\t\t<\/a>\n\t\t<a class=\"elementor-element elementor-element-7c98346 e-con-full e-flex e-con e-child\" data-id=\"7c98346\" data-element_type=\"container\" data-settings=\"{&quot;background_background&quot;:&quot;classic&quot;}\" href=\"mailto:cursosbeabaic@gmail.com\">\n\t\t\t\t<div class=\"elementor-element elementor-element-2a0ebcb elementor-view-default elementor-widget elementor-widget-icon\" data-id=\"2a0ebcb\" data-element_type=\"widget\" data-widget_type=\"icon.default\">\n\t\t\t\t<div class=\"elementor-widget-container\">\n\t\t\t\t\t\t\t<div class=\"elementor-icon-wrapper\">\n\t\t\t<div class=\"elementor-icon\">\n\t\t\t<svg xmlns=\"http:\/\/www.w3.org\/2000\/svg\" width=\"32\" height=\"32\" viewBox=\"0 0 32 32\" fill=\"none\"><g clip-path=\"url(#clip0_2093_286)\"><path d=\"M14 18L19 13\" stroke=\"#FB6501\" stroke-width=\"1.5\" stroke-linecap=\"round\" stroke-linejoin=\"round\"><\/path><path d=\"M26.9654 6.17352C27.0099 6.01561 27.0115 5.8487 26.9701 5.68996C26.9286 5.53122 26.8456 5.38639 26.7296 5.27038C26.6136 5.15437 26.4688 5.07138 26.3101 5.02993C26.1513 4.98849 25.9844 4.99011 25.8265 5.03461L3.67237 11.7527C3.4915 11.8038 3.33052 11.9088 3.21094 12.0538C3.09137 12.1988 3.0189 12.3768 3.00322 12.5641C2.98754 12.7514 3.0294 12.939 3.1232 13.1019C3.217 13.2648 3.35827 13.3951 3.52813 13.4755L13.6164 18.3843L18.5249 28.4718C18.6053 28.6417 18.7356 28.783 18.8985 28.8768C19.0613 28.9706 19.249 29.0125 19.4362 28.9968C19.6235 28.9811 19.8015 28.9086 19.9465 28.789C20.0915 28.6695 20.1966 28.5085 20.2476 28.3276L26.9654 6.17352Z\" stroke=\"#FB6501\" stroke-width=\"1.5\" stroke-linecap=\"round\" stroke-linejoin=\"round\"><\/path><\/g><defs><clipPath id=\"clip0_2093_286\"><rect width=\"32\" height=\"32\" fill=\"white\"><\/rect><\/clipPath><\/defs><\/svg>\t\t\t<\/div>\n\t\t<\/div>\n\t\t\t\t\t\t<\/div>\n\t\t\t\t<\/div>\n\t\t\t\t<div class=\"elementor-element elementor-element-52525c0 elementor-widget elementor-widget-heading\" data-id=\"52525c0\" data-element_type=\"widget\" data-widget_type=\"heading.default\">\n\t\t\t\t<div class=\"elementor-widget-container\">\n\t\t\t\t\t<h6 class=\"elementor-heading-title elementor-size-default\">Atendimento via E-mail<\/h6>\t\t\t\t<\/div>\n\t\t\t\t<\/div>\n\t\t\t\t<div class=\"elementor-element elementor-element-00201ef elementor-widget__width-inherit elementor-widget elementor-widget-heading\" data-id=\"00201ef\" data-element_type=\"widget\" data-widget_type=\"heading.default\">\n\t\t\t\t<div class=\"elementor-widget-container\">\n\t\t\t\t\t<h6 class=\"elementor-heading-title elementor-size-default\">cursosbeabaic@gmail.com<\/h6>\t\t\t\t<\/div>\n\t\t\t\t<\/div>\n\t\t\t\t<\/a>\n\t\t\t\t<\/div>\n\t\t<div class=\"elementor-element elementor-element-a64925e e-con-full e-flex e-con e-child\" data-id=\"a64925e\" data-element_type=\"container\">\n\t\t\t\t<div class=\"elementor-element elementor-element-66c8018 elementor-widget elementor-widget-n-accordion\" data-id=\"66c8018\" data-element_type=\"widget\" data-settings=\"{&quot;default_state&quot;:&quot;expanded&quot;,&quot;max_items_expended&quot;:&quot;one&quot;,&quot;n_accordion_animation_duration&quot;:{&quot;unit&quot;:&quot;ms&quot;,&quot;size&quot;:400,&quot;sizes&quot;:[]}}\" data-widget_type=\"nested-accordion.default\">\n\t\t\t\t<div class=\"elementor-widget-container\">\n\t\t\t\t\t\t\t<div class=\"e-n-accordion\" aria-label=\"Accordion. Open links with Enter or Space, close with Escape, and navigate with Arrow Keys\">\n\t\t\t\t\t\t<details id=\"faq-01\" class=\"e-n-accordion-item\" open>\n\t\t\t\t<summary class=\"e-n-accordion-item-title\" data-accordion-index=\"1\" tabindex=\"0\" aria-expanded=\"true\" aria-controls=\"faq-01\" >\n\t\t\t\t\t<span class='e-n-accordion-item-title-header'><div class=\"e-n-accordion-item-title-text\"> O que \u00e9 ABA? <\/div><\/span>\n\t\t\t\t\t\t\t\t\t<\/summary>\n\t\t\t\t<div role=\"region\" aria-labelledby=\"faq-01\" class=\"elementor-element elementor-element-1265efa e-con-full e-flex e-con e-child\" data-id=\"1265efa\" data-element_type=\"container\">\n\t\t\t\t<div class=\"elementor-element elementor-element-6216f62 elementor-widget elementor-widget-text-editor\" data-id=\"6216f62\" data-element_type=\"widget\" data-widget_type=\"text-editor.default\">\n\t\t\t\t<div class=\"elementor-widget-container\">\n\t\t\t\t\t\t\t\t\t<p>A An\u00e1lise do Comportamento Aplicada (ABA) \u00e9 uma abordagem cient\u00edfica baseada em pesquisas para ensinar e modificar comportamentos. Ela \u00e9 amplamente utilizada no tratamento de indiv\u00edduos com Transtorno do Espectro Autista (TEA), entre outros entre outros transtornos, al\u00e9m de ser utilizada no desenvolvimento t\u00edpico com a finalidade de modificar comportamentos.<\/p>\t\t\t\t\t\t\t\t<\/div>\n\t\t\t\t<\/div>\n\t\t\t\t<\/div>\n\t\t\t\t\t<\/details>\n\t\t\t\t\t\t<details id=\"faq-01\" class=\"e-n-accordion-item\" >\n\t\t\t\t<summary class=\"e-n-accordion-item-title\" data-accordion-index=\"2\" tabindex=\"-1\" aria-expanded=\"false\" aria-controls=\"faq-01\" >\n\t\t\t\t\t<span class='e-n-accordion-item-title-header'><div class=\"e-n-accordion-item-title-text\"> Quem pode se beneficiar dos cursos ABA da BeABA Academy? <\/div><\/span>\n\t\t\t\t\t\t\t\t\t<\/summary>\n\t\t\t\t<div role=\"region\" aria-labelledby=\"faq-01\" class=\"elementor-element elementor-element-140fdcc e-con-full e-flex e-con e-child\" data-id=\"140fdcc\" data-element_type=\"container\">\n\t\t\t\t<div class=\"elementor-element elementor-element-516d8e4 elementor-widget elementor-widget-text-editor\" data-id=\"516d8e4\" data-element_type=\"widget\" data-widget_type=\"text-editor.default\">\n\t\t\t\t<div class=\"elementor-widget-container\">\n\t\t\t\t\t\t\t\t\t<p>Os cursos s\u00e3o voltados para profissionais da sa\u00fade, educadores, pais e cuidadores que buscam entender e Aplicar estrat\u00e9gias da ABA em diversas situa\u00e7\u00f5es, com foco no apoio a crian\u00e7as e adolescentes com TEA, TDAH, s\u00edndrome de down, diversos transtornos e tamb\u00e9m para o desenvolvimento t\u00edpico.<\/p>\t\t\t\t\t\t\t\t<\/div>\n\t\t\t\t<\/div>\n\t\t\t\t<\/div>\n\t\t\t\t\t<\/details>\n\t\t\t\t\t\t<details id=\"faq-01\" class=\"e-n-accordion-item\" >\n\t\t\t\t<summary class=\"e-n-accordion-item-title\" data-accordion-index=\"3\" tabindex=\"-1\" aria-expanded=\"false\" aria-controls=\"faq-01\" >\n\t\t\t\t\t<span class='e-n-accordion-item-title-header'><div class=\"e-n-accordion-item-title-text\"> Como posso me inscrever em um curso? <\/div><\/span>\n\t\t\t\t\t\t\t\t\t<\/summary>\n\t\t\t\t<div role=\"region\" aria-labelledby=\"faq-01\" class=\"elementor-element elementor-element-bf9cebf e-con-full e-flex e-con e-child\" data-id=\"bf9cebf\" data-element_type=\"container\">\n\t\t\t\t<div class=\"elementor-element elementor-element-92eaf0f elementor-widget elementor-widget-text-editor\" data-id=\"92eaf0f\" data-element_type=\"widget\" data-widget_type=\"text-editor.default\">\n\t\t\t\t<div class=\"elementor-widget-container\">\n\t\t\t\t\t\t\t\t\t<p>Voc\u00ea pode se inscrever diretamente no nosso site, escolhendo o curso desejado e sendo direcionado \u00e0 plataforma Hotmart para realizar o pagamento de forma segura. Ap\u00f3s a confirma\u00e7\u00e3o do pagamento, seus dados de acesso ser\u00e3o enviados automaticamente para o seu e-mail, permitindo que voc\u00ea comece a estudar imediatamente.<\/p>\t\t\t\t\t\t\t\t<\/div>\n\t\t\t\t<\/div>\n\t\t\t\t<\/div>\n\t\t\t\t\t<\/details>\n\t\t\t\t\t\t<details id=\"faq-01\" class=\"e-n-accordion-item\" >\n\t\t\t\t<summary class=\"e-n-accordion-item-title\" data-accordion-index=\"4\" tabindex=\"-1\" aria-expanded=\"false\" aria-controls=\"faq-01\" >\n\t\t\t\t\t<span class='e-n-accordion-item-title-header'><div class=\"e-n-accordion-item-title-text\"> Quais s\u00e3o os formatos dos cursos?  <\/div><\/span>\n\t\t\t\t\t\t\t\t\t<\/summary>\n\t\t\t\t<div role=\"region\" aria-labelledby=\"faq-01\" class=\"elementor-element elementor-element-9be4e09 e-con-full e-flex e-con e-child\" data-id=\"9be4e09\" data-element_type=\"container\">\n\t\t\t\t<div class=\"elementor-element elementor-element-0d90fe0 elementor-widget elementor-widget-text-editor\" data-id=\"0d90fe0\" data-element_type=\"widget\" data-widget_type=\"text-editor.default\">\n\t\t\t\t<div class=\"elementor-widget-container\">\n\t\t\t\t\t\t\t\t\t<p>Os cursos da BeABA Academy s\u00e3o oferecidos em formato online, com videoaulas, materiais complementares e atividades pr\u00e1ticas. Al\u00e9m disso, voc\u00ea ter\u00e1 acesso a um grupo de discuss\u00e3o para trocar experi\u00eancias.<\/p>\t\t\t\t\t\t\t\t<\/div>\n\t\t\t\t<\/div>\n\t\t\t\t<\/div>\n\t\t\t\t\t<\/details>\n\t\t\t\t\t\t<details id=\"faq-01\" class=\"e-n-accordion-item\" >\n\t\t\t\t<summary class=\"e-n-accordion-item-title\" data-accordion-index=\"5\" tabindex=\"-1\" aria-expanded=\"false\" aria-controls=\"faq-01\" >\n\t\t\t\t\t<span class='e-n-accordion-item-title-header'><div class=\"e-n-accordion-item-title-text\"> Quanto tempo dura cada curso? <\/div><\/span>\n\t\t\t\t\t\t\t\t\t<\/summary>\n\t\t\t\t<div role=\"region\" aria-labelledby=\"faq-01\" class=\"elementor-element elementor-element-bbb5505 e-con-full e-flex e-con e-child\" data-id=\"bbb5505\" data-element_type=\"container\">\n\t\t\t\t<div class=\"elementor-element elementor-element-2e34773 elementor-widget elementor-widget-text-editor\" data-id=\"2e34773\" data-element_type=\"widget\" data-widget_type=\"text-editor.default\">\n\t\t\t\t<div class=\"elementor-widget-container\">\n\t\t\t\t\t\t\t\t\t<p data-start=\"1329\" data-end=\"1442\">A dura\u00e7\u00e3o dos cursos varia conforme o conte\u00fado, mas a maioria deles pode ser conclu\u00edda em 4 a 8 semanas. O aluno tem acesso ao material por at\u00e9 12 meses, permitindo flexibilidade para estudar no seu tempo.<\/p>\t\t\t\t\t\t\t\t<\/div>\n\t\t\t\t<\/div>\n\t\t\t\t<\/div>\n\t\t\t\t\t<\/details>\n\t\t\t\t\t\t<details id=\"faq-01\" class=\"e-n-accordion-item\" >\n\t\t\t\t<summary class=\"e-n-accordion-item-title\" data-accordion-index=\"6\" tabindex=\"-1\" aria-expanded=\"false\" aria-controls=\"faq-01\" >\n\t\t\t\t\t<span class='e-n-accordion-item-title-header'><div class=\"e-n-accordion-item-title-text\"> Como posso entrar em contato com os instrutores? <\/div><\/span>\n\t\t\t\t\t\t\t\t\t<\/summary>\n\t\t\t\t<div role=\"region\" aria-labelledby=\"faq-01\" class=\"elementor-element elementor-element-f7990cc e-con-full e-flex e-con e-child\" data-id=\"f7990cc\" data-element_type=\"container\">\n\t\t\t\t<div class=\"elementor-element elementor-element-edac526 elementor-widget elementor-widget-text-editor\" data-id=\"edac526\" data-element_type=\"widget\" data-widget_type=\"text-editor.default\">\n\t\t\t\t<div class=\"elementor-widget-container\">\n\t\t\t\t\t\t\t\t\t<p data-start=\"1862\" data-end=\"1975\">Durante o curso, voc\u00ea ter\u00e1 acesso a canais de comunica\u00e7\u00e3o, como e e-mail ou direto na plataforma, para tirar d\u00favidas diretamente com os instrutores.<\/p>\t\t\t\t\t\t\t\t<\/div>\n\t\t\t\t<\/div>\n\t\t\t\t<\/div>\n\t\t\t\t\t<\/details>\n\t\t\t\t\t\t<details id=\"faq-01\" class=\"e-n-accordion-item\" >\n\t\t\t\t<summary class=\"e-n-accordion-item-title\" data-accordion-index=\"7\" tabindex=\"-1\" aria-expanded=\"false\" aria-controls=\"faq-01\" >\n\t\t\t\t\t<span class='e-n-accordion-item-title-header'><div class=\"e-n-accordion-item-title-text\"> Posso acessar o conte\u00fado do curso a qualquer momento? <\/div><\/span>\n\t\t\t\t\t\t\t\t\t<\/summary>\n\t\t\t\t<div role=\"region\" aria-labelledby=\"faq-01\" class=\"elementor-element elementor-element-5d5d220 e-con-full e-flex e-con e-child\" data-id=\"5d5d220\" data-element_type=\"container\">\n\t\t\t\t<div class=\"elementor-element elementor-element-76aa6ab elementor-widget elementor-widget-text-editor\" data-id=\"76aa6ab\" data-element_type=\"widget\" data-widget_type=\"text-editor.default\">\n\t\t\t\t<div class=\"elementor-widget-container\">\n\t\t\t\t\t\t\t\t\t<p data-start=\"1862\" data-end=\"1975\">Sim! Nossos cursos s\u00e3o 100% online e voc\u00ea pode acessar o conte\u00fado sempre que desejar, no hor\u00e1rio que for mais conveniente para voc\u00ea.<\/p>\t\t\t\t\t\t\t\t<\/div>\n\t\t\t\t<\/div>\n\t\t\t\t<\/div>\n\t\t\t\t\t<\/details>\n\t\t\t\t\t\t<details id=\"faq-01\" class=\"e-n-accordion-item\" >\n\t\t\t\t<summary class=\"e-n-accordion-item-title\" data-accordion-index=\"8\" tabindex=\"-1\" aria-expanded=\"false\" aria-controls=\"faq-01\" >\n\t\t\t\t\t<span class='e-n-accordion-item-title-header'><div class=\"e-n-accordion-item-title-text\"> Existe algum suporte caso eu precise de ajuda durante o curso?  <\/div><\/span>\n\t\t\t\t\t\t\t\t\t<\/summary>\n\t\t\t\t<div role=\"region\" aria-labelledby=\"faq-01\" class=\"elementor-element elementor-element-93b06aa e-con-full e-flex e-con e-child\" data-id=\"93b06aa\" data-element_type=\"container\">\n\t\t\t\t<div class=\"elementor-element elementor-element-9f3b4b4 elementor-widget elementor-widget-text-editor\" data-id=\"9f3b4b4\" data-element_type=\"widget\" data-widget_type=\"text-editor.default\">\n\t\t\t\t<div class=\"elementor-widget-container\">\n\t\t\t\t\t\t\t\t\t<p data-start=\"1862\" data-end=\"1975\">Sim, nossa equipe de suporte est\u00e1 dispon\u00edvel para responder \u00e0s suas d\u00favidas t\u00e9cnicas e acad\u00eamicas, garantindo que voc\u00ea tenha a melhor experi\u00eancia poss\u00edvel durante o aprendizado.<\/p>\t\t\t\t\t\t\t\t<\/div>\n\t\t\t\t<\/div>\n\t\t\t\t<\/div>\n\t\t\t\t\t<\/details>\n\t\t\t\t\t\t<details id=\"faq-01\" class=\"e-n-accordion-item\" >\n\t\t\t\t<summary class=\"e-n-accordion-item-title\" data-accordion-index=\"9\" tabindex=\"-1\" aria-expanded=\"false\" aria-controls=\"faq-01\" >\n\t\t\t\t\t<span class='e-n-accordion-item-title-header'><div class=\"e-n-accordion-item-title-text\"> Posso fazer os cursos se n\u00e3o tenho experi\u00eancia pr\u00e9via em ABA? <\/div><\/span>\n\t\t\t\t\t\t\t\t\t<\/summary>\n\t\t\t\t<div role=\"region\" aria-labelledby=\"faq-01\" class=\"elementor-element elementor-element-10a1e82 e-con-full e-flex e-con e-child\" data-id=\"10a1e82\" data-element_type=\"container\">\n\t\t\t\t<div class=\"elementor-element elementor-element-b939bcb elementor-widget elementor-widget-text-editor\" data-id=\"b939bcb\" data-element_type=\"widget\" data-widget_type=\"text-editor.default\">\n\t\t\t\t<div class=\"elementor-widget-container\">\n\t\t\t\t\t\t\t\t\t<p data-start=\"1862\" data-end=\"1975\">Sim! Nossos cursos s\u00e3o adequados para iniciantes. Oferecemos uma introdu\u00e7\u00e3o clara ao mundo da ABA, com explica\u00e7\u00f5es detalhadas para quem est\u00e1 come\u00e7ando. Se voc\u00ea j\u00e1 tem algum conhecimento pr\u00e9vio, tamb\u00e9m encontrar\u00e1 conte\u00fado avan\u00e7ado para expandir seus conhecimentos.<\/p>\t\t\t\t\t\t\t\t<\/div>\n\t\t\t\t<\/div>\n\t\t\t\t<\/div>\n\t\t\t\t\t<\/details>\n\t\t\t\t\t\t<details id=\"faq-01\" class=\"e-n-accordion-item\" >\n\t\t\t\t<summary class=\"e-n-accordion-item-title\" data-accordion-index=\"10\" tabindex=\"-1\" aria-expanded=\"false\" aria-controls=\"faq-01\" >\n\t\t\t\t\t<span class='e-n-accordion-item-title-header'><div class=\"e-n-accordion-item-title-text\"> Posso realizar os cursos em meu pr\u00f3prio ritmo? <\/div><\/span>\n\t\t\t\t\t\t\t\t\t<\/summary>\n\t\t\t\t<div role=\"region\" aria-labelledby=\"faq-01\" class=\"elementor-element elementor-element-c598274 e-con-full e-flex e-con e-child\" data-id=\"c598274\" data-element_type=\"container\">\n\t\t\t\t<div class=\"elementor-element elementor-element-941fd3f elementor-widget elementor-widget-text-editor\" data-id=\"941fd3f\" data-element_type=\"widget\" data-widget_type=\"text-editor.default\">\n\t\t\t\t<div class=\"elementor-widget-container\">\n\t\t\t\t\t\t\t\t\t<p data-start=\"1862\" data-end=\"1975\">Sim, todos os nossos cursos s\u00e3o oferecidos de forma flex\u00edvel, permitindo que voc\u00ea estude no seu pr\u00f3prio ritmo. Voc\u00ea pode acessar o conte\u00fado sempre que desejar, avan\u00e7ando conforme sua disponibilidade e necessidades.<\/p>\t\t\t\t\t\t\t\t<\/div>\n\t\t\t\t<\/div>\n\t\t\t\t<\/div>\n\t\t\t\t\t<\/details>\n\t\t\t\t\t<\/div>\n\t\t\t\t\t\t<\/div>\n\t\t\t\t<\/div>\n\t\t\t\t<\/div>\n\t\t\t\t\t<\/div>\n\t\t\t\t<\/div>\n\t\t\t\t<\/div>\n\t\t","protected":false},"excerpt":{"rendered":"<p>Perguntas Frequentes Ficou alguma d\u00favida? Veja algumas perguntas frequentes ou entre em contato. Atendimento via Whatsapp (51) 99291-8811 Atendimento via E-mail cursosbeabaic@gmail.com O que \u00e9 ABA? A An\u00e1lise do Comportamento Aplicada (ABA) \u00e9 uma abordagem cient\u00edfica baseada em pesquisas para ensinar e modificar comportamentos. Ela \u00e9 amplamente utilizada no tratamento de indiv\u00edduos com Transtorno do [&hellip;]<\/p>\n","protected":false},"author":1,"featured_media":0,"parent":0,"menu_order":0,"comment_status":"closed","ping_status":"closed","template":"","meta":{"_acf_changed":false,"footnotes":""},"class_list":["post-671","page","type-page","status-publish","hentry"],"acf":[],"_links":{"self":[{"href":"https:\/\/beabaic.com\/academy\/wp-json\/wp\/v2\/pages\/671","targetHints":{"allow":["GET"]}}],"collection":[{"href":"https:\/\/beabaic.com\/academy\/wp-json\/wp\/v2\/pages"}],"about":[{"href":"https:\/\/beabaic.com\/academy\/wp-json\/wp\/v2\/types\/page"}],"author":[{"embeddable":true,"href":"https:\/\/beabaic.com\/academy\/wp-json\/wp\/v2\/users\/1"}],"replies":[{"embeddable":true,"href":"https:\/\/beabaic.com\/academy\/wp-json\/wp\/v2\/comments?post=671"}],"version-history":[{"count":29,"href":"https:\/\/beabaic.com\/academy\/wp-json\/wp\/v2\/pages\/671\/revisions"}],"predecessor-version":[{"id":827,"href":"https:\/\/beabaic.com\/academy\/wp-json\/wp\/v2\/pages\/671\/revisions\/827"}],"wp:attachment":[{"href":"https:\/\/beabaic.com\/academy\/wp-json\/wp\/v2\/media?parent=671"}],"curies":[{"name":"wp","href":"https:\/\/api.w.org\/{rel}","templated":true}]}}