{"id":669,"date":"2025-02-17T18:37:59","date_gmt":"2025-02-17T21:37:59","guid":{"rendered":"https:\/\/beabaic.com\/academy\/?page_id=669"},"modified":"2025-02-25T11:47:00","modified_gmt":"2025-02-25T14:47:00","slug":"suporte-ao-aluno","status":"publish","type":"page","link":"https:\/\/beabaic.com\/academy\/suporte-ao-aluno\/","title":{"rendered":"Suporte ao Aluno"},"content":{"rendered":"\t\t<div data-elementor-type=\"wp-page\" data-elementor-id=\"669\" class=\"elementor elementor-669\" data-elementor-post-type=\"page\">\n\t\t\t\t<div class=\"elementor-element elementor-element-59ae3c7 e-con-full e-flex e-con e-parent\" data-id=\"59ae3c7\" data-element_type=\"container\">\n\t\t<div class=\"elementor-element elementor-element-1107f8d e-con-full e-flex e-con e-child\" data-id=\"1107f8d\" data-element_type=\"container\" data-settings=\"{&quot;background_background&quot;:&quot;classic&quot;}\">\n\t\t\t\t<\/div>\n\t\t<div class=\"elementor-element elementor-element-b4f971f e-con-full e-flex e-con e-child\" data-id=\"b4f971f\" data-element_type=\"container\">\n\t\t\t\t<div class=\"elementor-element elementor-element-526ebde elementor-widget elementor-widget-heading\" data-id=\"526ebde\" data-element_type=\"widget\" data-widget_type=\"heading.default\">\n\t\t\t\t<div class=\"elementor-widget-container\">\n\t\t\t\t\t<span class=\"elementor-heading-title elementor-size-default\">Suporte ao Aluno<\/span>\t\t\t\t<\/div>\n\t\t\t\t<\/div>\n\t\t\t\t<div class=\"elementor-element elementor-element-0cbe4dd elementor-widget__width-inherit elementor-widget-mobile__width-inherit elementor-widget elementor-widget-heading\" data-id=\"0cbe4dd\" data-element_type=\"widget\" data-widget_type=\"heading.default\">\n\t\t\t\t<div class=\"elementor-widget-container\">\n\t\t\t\t\t<h2 class=\"elementor-heading-title elementor-size-default\">\u00c9 nosso aluno e precisa de ajuda?<\/h2>\t\t\t\t<\/div>\n\t\t\t\t<\/div>\n\t\t\t\t<div class=\"elementor-element elementor-element-6b80166 elementor-widget elementor-widget-text-editor\" data-id=\"6b80166\" data-element_type=\"widget\" data-widget_type=\"text-editor.default\">\n\t\t\t\t<div class=\"elementor-widget-container\">\n\t\t\t\t\t\t\t\t\t<p>Preencha o formul\u00e1rio abaixo e retornaremos o mais r\u00e1pido possivel.<\/p>\t\t\t\t\t\t\t\t<\/div>\n\t\t\t\t<\/div>\n\t\t\t\t<div class=\"elementor-element elementor-element-abc8df9 elementor-widget__width-inherit elementor-button-align-stretch elementor-widget elementor-widget-form\" data-id=\"abc8df9\" data-element_type=\"widget\" data-settings=\"{&quot;step_next_label&quot;:&quot;Next&quot;,&quot;step_previous_label&quot;:&quot;Previous&quot;,&quot;button_width&quot;:&quot;100&quot;,&quot;step_type&quot;:&quot;number_text&quot;,&quot;step_icon_shape&quot;:&quot;circle&quot;}\" data-widget_type=\"form.default\">\n\t\t\t\t<div class=\"elementor-widget-container\">\n\t\t\t\t\t\t\t<form class=\"elementor-form\" method=\"post\" name=\"New Form\" aria-label=\"New Form\">\n\t\t\t<input type=\"hidden\" name=\"post_id\" value=\"669\"\/>\n\t\t\t<input type=\"hidden\" name=\"form_id\" value=\"abc8df9\"\/>\n\t\t\t<input type=\"hidden\" name=\"referer_title\" value=\"Suporte ao Aluno - BeABA Academy\" \/>\n\n\t\t\t\t\t\t\t<input type=\"hidden\" name=\"queried_id\" value=\"669\"\/>\n\t\t\t\n\t\t\t<div class=\"elementor-form-fields-wrapper elementor-labels-\">\n\t\t\t\t\t\t\t\t<div class=\"elementor-field-type-text elementor-field-group elementor-column elementor-field-group-nome elementor-col-100 elementor-field-required\">\n\t\t\t\t\t\t\t\t\t\t\t\t<label for=\"form-field-nome\" class=\"elementor-field-label elementor-screen-only\">\n\t\t\t\t\t\t\t\tNome\t\t\t\t\t\t\t<\/label>\n\t\t\t\t\t\t\t\t\t\t\t\t\t\t<input size=\"1\" type=\"text\" name=\"form_fields[nome]\" id=\"form-field-nome\" class=\"elementor-field elementor-size-md  elementor-field-textual\" placeholder=\"Digite seu Nome\" required=\"required\">\n\t\t\t\t\t\t\t\t\t\t\t<\/div>\n\t\t\t\t\t\t\t\t<div class=\"elementor-field-type-email elementor-field-group elementor-column elementor-field-group-email elementor-col-100 elementor-field-required\">\n\t\t\t\t\t\t\t\t\t\t\t\t<label for=\"form-field-email\" class=\"elementor-field-label elementor-screen-only\">\n\t\t\t\t\t\t\t\tEmail\t\t\t\t\t\t\t<\/label>\n\t\t\t\t\t\t\t\t\t\t\t\t\t\t<input size=\"1\" type=\"email\" name=\"form_fields[email]\" id=\"form-field-email\" class=\"elementor-field elementor-size-md  elementor-field-textual\" placeholder=\"Email de compra\" required=\"required\">\n\t\t\t\t\t\t\t\t\t\t\t<\/div>\n\t\t\t\t\t\t\t\t<div class=\"elementor-field-type-text elementor-field-group elementor-column elementor-field-group-field_a9c5c7d elementor-col-100 elementor-field-required\">\n\t\t\t\t\t\t\t\t\t\t\t\t<label for=\"form-field-field_a9c5c7d\" class=\"elementor-field-label elementor-screen-only\">\n\t\t\t\t\t\t\t\tAssunto\t\t\t\t\t\t\t<\/label>\n\t\t\t\t\t\t\t\t\t\t\t\t\t\t<input size=\"1\" type=\"text\" name=\"form_fields[field_a9c5c7d]\" id=\"form-field-field_a9c5c7d\" class=\"elementor-field elementor-size-md  elementor-field-textual\" placeholder=\"Assunto da nossa conversa\" required=\"required\">\n\t\t\t\t\t\t\t\t\t\t\t<\/div>\n\t\t\t\t\t\t\t\t<div class=\"elementor-field-type-textarea elementor-field-group elementor-column elementor-field-group-message elementor-col-100 elementor-field-required\">\n\t\t\t\t\t\t\t\t\t\t\t\t<label for=\"form-field-message\" class=\"elementor-field-label elementor-screen-only\">\n\t\t\t\t\t\t\t\tMensagem\t\t\t\t\t\t\t<\/label>\n\t\t\t\t\t\t<textarea class=\"elementor-field-textual elementor-field  elementor-size-md\" name=\"form_fields[message]\" id=\"form-field-message\" rows=\"4\" placeholder=\"Digite sua Mensagem ou d\u00favida\" required=\"required\"><\/textarea>\t\t\t\t<\/div>\n\t\t\t\t\t\t\t\t<div class=\"elementor-field-group elementor-column elementor-field-type-submit elementor-col-100 e-form__buttons\">\n\t\t\t\t\t<button class=\"elementor-button elementor-size-md\" type=\"submit\">\n\t\t\t\t\t\t<span class=\"elementor-button-content-wrapper\">\n\t\t\t\t\t\t\t\t\t\t\t\t\t\t\t\t\t\t\t\t\t\t<span class=\"elementor-button-text\">Enviar mensagem<\/span>\n\t\t\t\t\t\t\t\t\t\t\t\t\t<\/span>\n\t\t\t\t\t<\/button>\n\t\t\t\t<\/div>\n\t\t\t<\/div>\n\t\t<\/form>\n\t\t\t\t\t\t<\/div>\n\t\t\t\t<\/div>\n\t\t\t\t<\/div>\n\t\t\t\t<\/div>\n\t\t<div class=\"elementor-element elementor-element-332f475 e-flex e-con-boxed e-con e-parent\" data-id=\"332f475\" data-element_type=\"container\">\n\t\t\t\t\t<div class=\"e-con-inner\">\n\t\t\t\t<div class=\"elementor-element elementor-element-582d62b elementor-widget elementor-widget-heading\" data-id=\"582d62b\" data-element_type=\"widget\" data-widget_type=\"heading.default\">\n\t\t\t\t<div class=\"elementor-widget-container\">\n\t\t\t\t\t<span class=\"elementor-heading-title elementor-size-default\">Acess\u00edvel a todos<\/span>\t\t\t\t<\/div>\n\t\t\t\t<\/div>\n\t\t\t\t<div class=\"elementor-element elementor-element-c93b114 elementor-widget__width-initial elementor-widget elementor-widget-heading\" data-id=\"c93b114\" data-element_type=\"widget\" data-widget_type=\"heading.default\">\n\t\t\t\t<div class=\"elementor-widget-container\">\n\t\t\t\t\t<h2 class=\"elementor-heading-title elementor-size-default\">Tudo para voc\u00ea aprender com mais qualidade e praticidade<\/h2>\t\t\t\t<\/div>\n\t\t\t\t<\/div>\n\t\t\t\t<div class=\"elementor-element elementor-element-ca23da2 elementor-widget elementor-widget-shortcode\" data-id=\"ca23da2\" data-element_type=\"widget\" data-widget_type=\"shortcode.default\">\n\t\t\t\t<div class=\"elementor-widget-container\">\n\t\t\t\t\t\t\t<div class=\"elementor-shortcode\">\t\t<div data-elementor-type=\"container\" data-elementor-id=\"809\" class=\"elementor elementor-809\" data-elementor-post-type=\"elementor_library\">\n\t\t\t\t<div class=\"elementor-element elementor-element-0749d7b e-con-full e-flex e-con e-child\" data-id=\"0749d7b\" data-element_type=\"container\" data-settings=\"{&quot;background_background&quot;:&quot;classic&quot;}\">\n\t\t<div class=\"elementor-element elementor-element-e8d23a6 e-con-full e-flex e-con e-child\" data-id=\"e8d23a6\" data-element_type=\"container\">\n\t\t\t\t<div class=\"elementor-element elementor-element-9d6016e elementor-widget__width-inherit elementor-widget elementor-widget-heading\" data-id=\"9d6016e\" data-element_type=\"widget\" data-widget_type=\"heading.default\">\n\t\t\t\t<div class=\"elementor-widget-container\">\n\t\t\t\t\t<span class=\"elementor-heading-title elementor-size-default\">+12 instrutores<\/span>\t\t\t\t<\/div>\n\t\t\t\t<\/div>\n\t\t\t\t<div class=\"elementor-element elementor-element-dd6c375 elementor-widget__width-inherit elementor-widget elementor-widget-heading\" data-id=\"dd6c375\" data-element_type=\"widget\" data-widget_type=\"heading.default\">\n\t\t\t\t<div class=\"elementor-widget-container\">\n\t\t\t\t\t<h5 class=\"elementor-heading-title elementor-size-default\">Professores qualificados<\/h5>\t\t\t\t<\/div>\n\t\t\t\t<\/div>\n\t\t\t\t<div class=\"elementor-element elementor-element-a3624bc elementor-widget__width-inherit elementor-widget elementor-widget-text-editor\" data-id=\"a3624bc\" data-element_type=\"widget\" data-widget_type=\"text-editor.default\">\n\t\t\t\t<div class=\"elementor-widget-container\">\n\t\t\t\t\t\t\t\t\t<p>Aprenda com especialistas que aplicam ABA no dia a dia e t\u00eam grande conhecimento te\u00f3rico e experi\u00eancia pr\u00e1tica.<\/p>\t\t\t\t\t\t\t\t<\/div>\n\t\t\t\t<\/div>\n\t\t\t\t<\/div>\n\t\t<div class=\"elementor-element elementor-element-bbb64f8 e-con-full e-flex e-con e-child\" data-id=\"bbb64f8\" data-element_type=\"container\">\n\t\t\t\t<div class=\"elementor-element elementor-element-f47005d elementor-widget elementor-widget-heading\" data-id=\"f47005d\" data-element_type=\"widget\" data-widget_type=\"heading.default\">\n\t\t\t\t<div class=\"elementor-widget-container\">\n\t\t\t\t\t<span class=\"elementor-heading-title elementor-size-default\">Experi\u00eancia pr\u00e1tica<\/span>\t\t\t\t<\/div>\n\t\t\t\t<\/div>\n\t\t\t\t<div class=\"elementor-element elementor-element-a7f14fd elementor-widget elementor-widget-heading\" data-id=\"a7f14fd\" data-element_type=\"widget\" data-widget_type=\"heading.default\">\n\t\t\t\t<div class=\"elementor-widget-container\">\n\t\t\t\t\t<span class=\"elementor-heading-title elementor-size-default\">Altamente capacitados<\/span>\t\t\t\t<\/div>\n\t\t\t\t<\/div>\n\t\t\t\t<div class=\"elementor-element elementor-element-95f51d8 elementor-widget-mobile__width-initial elementor-widget elementor-widget-image\" data-id=\"95f51d8\" data-element_type=\"widget\" data-widget_type=\"image.default\">\n\t\t\t\t<div class=\"elementor-widget-container\">\n\t\t\t\t\t\t\t\t\t\t\t\t\t\t\t<img fetchpriority=\"high\" decoding=\"async\" width=\"512\" height=\"512\" src=\"https:\/\/beabaic.com\/academy\/wp-content\/uploads\/2025\/02\/Grazielle.jpg\" class=\"attachment-large size-large wp-image-811\" alt=\"\" srcset=\"https:\/\/beabaic.com\/academy\/wp-content\/uploads\/2025\/02\/Grazielle.jpg 512w, https:\/\/beabaic.com\/academy\/wp-content\/uploads\/2025\/02\/Grazielle-300x300.jpg 300w, https:\/\/beabaic.com\/academy\/wp-content\/uploads\/2025\/02\/Grazielle-150x150.jpg 150w\" sizes=\"(max-width: 512px) 100vw, 512px\" \/>\t\t\t\t\t\t\t\t\t\t\t\t\t\t\t<\/div>\n\t\t\t\t<\/div>\n\t\t\t\t<div class=\"elementor-element elementor-element-34926a0 elementor-widget-mobile__width-initial elementor-widget elementor-widget-image\" data-id=\"34926a0\" data-element_type=\"widget\" data-widget_type=\"image.default\">\n\t\t\t\t<div class=\"elementor-widget-container\">\n\t\t\t\t\t\t\t\t\t\t\t\t\t\t\t<img decoding=\"async\" width=\"512\" height=\"512\" src=\"https:\/\/beabaic.com\/academy\/wp-content\/uploads\/2025\/02\/Jessica.jpg\" class=\"attachment-large size-large wp-image-812\" alt=\"\" srcset=\"https:\/\/beabaic.com\/academy\/wp-content\/uploads\/2025\/02\/Jessica.jpg 512w, https:\/\/beabaic.com\/academy\/wp-content\/uploads\/2025\/02\/Jessica-300x300.jpg 300w, https:\/\/beabaic.com\/academy\/wp-content\/uploads\/2025\/02\/Jessica-150x150.jpg 150w\" sizes=\"(max-width: 512px) 100vw, 512px\" \/>\t\t\t\t\t\t\t\t\t\t\t\t\t\t\t<\/div>\n\t\t\t\t<\/div>\n\t\t\t\t<div class=\"elementor-element elementor-element-fd43fab elementor-widget-mobile__width-initial elementor-widget elementor-widget-image\" data-id=\"fd43fab\" data-element_type=\"widget\" data-widget_type=\"image.default\">\n\t\t\t\t<div class=\"elementor-widget-container\">\n\t\t\t\t\t\t\t\t\t\t\t\t\t\t\t<img decoding=\"async\" width=\"512\" height=\"512\" src=\"https:\/\/beabaic.com\/academy\/wp-content\/uploads\/2025\/02\/Carol.jpg\" class=\"attachment-large size-large wp-image-810\" alt=\"\" srcset=\"https:\/\/beabaic.com\/academy\/wp-content\/uploads\/2025\/02\/Carol.jpg 512w, https:\/\/beabaic.com\/academy\/wp-content\/uploads\/2025\/02\/Carol-300x300.jpg 300w, https:\/\/beabaic.com\/academy\/wp-content\/uploads\/2025\/02\/Carol-150x150.jpg 150w\" sizes=\"(max-width: 512px) 100vw, 512px\" \/>\t\t\t\t\t\t\t\t\t\t\t\t\t\t\t<\/div>\n\t\t\t\t<\/div>\n\t\t\t\t<div class=\"elementor-element elementor-element-72302f7 elementor-view-default elementor-widget elementor-widget-icon\" data-id=\"72302f7\" data-element_type=\"widget\" data-widget_type=\"icon.default\">\n\t\t\t\t<div class=\"elementor-widget-container\">\n\t\t\t\t\t\t\t<div class=\"elementor-icon-wrapper\">\n\t\t\t<div class=\"elementor-icon\">\n\t\t\t<svg xmlns=\"http:\/\/www.w3.org\/2000\/svg\" width=\"48\" height=\"48\" viewBox=\"0 0 48 48\" fill=\"none\"><rect width=\"48\" height=\"48\" rx=\"24\" fill=\"#2B84E3\"><\/rect><path d=\"M23.5 21C25.433 21 27 19.433 27 17.5C27 15.567 25.433 14 23.5 14C21.567 14 20 15.567 20 17.5C20 19.433 21.567 21 23.5 21Z\" stroke=\"#EDF6FF\" stroke-width=\"1.5\" stroke-linejoin=\"round\"><\/path><path d=\"M32 25.5V31.5M29 28.5H35\" stroke=\"#EDF6FF\" stroke-width=\"1.5\" stroke-linecap=\"round\" stroke-linejoin=\"round\"><\/path><path d=\"M27.5 25H23.4C21.1598 25 20.0397 25 19.1841 25.436C18.4314 25.8195 17.8195 26.4314 17.436 27.184C17 28.0397 17 29.1598 17 31.4V32H27.5\" stroke=\"#EDF6FF\" stroke-width=\"1.5\" stroke-linecap=\"round\" stroke-linejoin=\"round\"><\/path><\/svg>\t\t\t<\/div>\n\t\t<\/div>\n\t\t\t\t\t\t<\/div>\n\t\t\t\t<\/div>\n\t\t\t\t<\/div>\n\t\t\t\t<div class=\"elementor-element elementor-element-5d950ba elementor-widget elementor-widget-image\" data-id=\"5d950ba\" data-element_type=\"widget\" data-widget_type=\"image.default\">\n\t\t\t\t<div class=\"elementor-widget-container\">\n\t\t\t\t\t\t\t\t\t\t\t\t\t\t\t<img loading=\"lazy\" decoding=\"async\" width=\"800\" height=\"800\" src=\"https:\/\/beabaic.com\/academy\/wp-content\/uploads\/2025\/02\/BGGrid.png\" class=\"attachment-large size-large wp-image-347\" alt=\"\" srcset=\"https:\/\/beabaic.com\/academy\/wp-content\/uploads\/2025\/02\/BGGrid.png 893w, https:\/\/beabaic.com\/academy\/wp-content\/uploads\/2025\/02\/BGGrid-300x300.png 300w, https:\/\/beabaic.com\/academy\/wp-content\/uploads\/2025\/02\/BGGrid-150x150.png 150w, https:\/\/beabaic.com\/academy\/wp-content\/uploads\/2025\/02\/BGGrid-768x768.png 768w\" sizes=\"(max-width: 800px) 100vw, 800px\" \/>\t\t\t\t\t\t\t\t\t\t\t\t\t\t\t<\/div>\n\t\t\t\t<\/div>\n\t\t\t\t<\/div>\n\t\t\t\t<\/div>\n\t\t<\/div>\n\t\t\t\t\t\t<\/div>\n\t\t\t\t<\/div>\n\t\t<div class=\"elementor-element elementor-element-9f2a8d6 e-con-full e-flex e-con e-child\" data-id=\"9f2a8d6\" data-element_type=\"container\">\n\t\t<div class=\"elementor-element elementor-element-c224aba e-con-full e-flex e-con e-child\" data-id=\"c224aba\" data-element_type=\"container\" data-settings=\"{&quot;background_background&quot;:&quot;classic&quot;}\">\n\t\t\t\t<div class=\"elementor-element elementor-element-73349e5 elementor-widget elementor-widget-spacer\" data-id=\"73349e5\" data-element_type=\"widget\" data-widget_type=\"spacer.default\">\n\t\t\t\t<div class=\"elementor-widget-container\">\n\t\t\t\t\t\t\t<div class=\"elementor-spacer\">\n\t\t\t<div class=\"elementor-spacer-inner\"><\/div>\n\t\t<\/div>\n\t\t\t\t\t\t<\/div>\n\t\t\t\t<\/div>\n\t\t\t\t<div class=\"elementor-element elementor-element-8239f4c elementor-widget__width-inherit elementor-widget elementor-widget-image\" data-id=\"8239f4c\" data-element_type=\"widget\" data-widget_type=\"image.default\">\n\t\t\t\t<div class=\"elementor-widget-container\">\n\t\t\t\t\t\t\t\t\t\t\t\t\t\t\t<img loading=\"lazy\" decoding=\"async\" width=\"2374\" height=\"885\" src=\"https:\/\/beabaic.com\/academy\/wp-content\/uploads\/2025\/02\/Fotos-v2.webp\" class=\"attachment-full size-full wp-image-361\" alt=\"\" srcset=\"https:\/\/beabaic.com\/academy\/wp-content\/uploads\/2025\/02\/Fotos-v2.webp 2374w, https:\/\/beabaic.com\/academy\/wp-content\/uploads\/2025\/02\/Fotos-v2-300x112.webp 300w, https:\/\/beabaic.com\/academy\/wp-content\/uploads\/2025\/02\/Fotos-v2-1024x382.webp 1024w, https:\/\/beabaic.com\/academy\/wp-content\/uploads\/2025\/02\/Fotos-v2-768x286.webp 768w, https:\/\/beabaic.com\/academy\/wp-content\/uploads\/2025\/02\/Fotos-v2-1536x573.webp 1536w, https:\/\/beabaic.com\/academy\/wp-content\/uploads\/2025\/02\/Fotos-v2-2048x763.webp 2048w\" sizes=\"(max-width: 2374px) 100vw, 2374px\" \/>\t\t\t\t\t\t\t\t\t\t\t\t\t\t\t<\/div>\n\t\t\t\t<\/div>\n\t\t<div class=\"elementor-element elementor-element-120ebbc e-con-full e-flex e-con e-child\" data-id=\"120ebbc\" data-element_type=\"container\" data-settings=\"{&quot;background_background&quot;:&quot;gradient&quot;}\">\n\t\t\t\t<\/div>\n\t\t<div class=\"elementor-element elementor-element-52b8f78 e-con-full e-flex e-con e-child\" data-id=\"52b8f78\" data-element_type=\"container\">\n\t\t\t\t<div class=\"elementor-element elementor-element-1e2ce8b elementor-widget__width-inherit elementor-widget elementor-widget-heading\" data-id=\"1e2ce8b\" data-element_type=\"widget\" data-widget_type=\"heading.default\">\n\t\t\t\t<div class=\"elementor-widget-container\">\n\t\t\t\t\t<span class=\"elementor-heading-title elementor-size-default\">Acess\u00edvel a todos<\/span>\t\t\t\t<\/div>\n\t\t\t\t<\/div>\n\t\t\t\t<div class=\"elementor-element elementor-element-d9d60d2 elementor-widget__width-inherit elementor-widget elementor-widget-heading\" data-id=\"d9d60d2\" data-element_type=\"widget\" data-widget_type=\"heading.default\">\n\t\t\t\t<div class=\"elementor-widget-container\">\n\t\t\t\t\t<h5 class=\"elementor-heading-title elementor-size-default\">Para fam\u00edlias e profissionais<\/h5>\t\t\t\t<\/div>\n\t\t\t\t<\/div>\n\t\t\t\t<div class=\"elementor-element elementor-element-dcaee03 elementor-widget__width-inherit elementor-widget elementor-widget-text-editor\" data-id=\"dcaee03\" data-element_type=\"widget\" data-widget_type=\"text-editor.default\">\n\t\t\t\t<div class=\"elementor-widget-container\">\n\t\t\t\t\t\t\t\t\t<p>Seja voc\u00ea um profissional ou familiar, aprenda estrat\u00e9gias para melhorar a comunica\u00e7\u00e3o, desenvolver habilidades e lidar com desafios comportamentais no dia a dia.<\/p>\t\t\t\t\t\t\t\t<\/div>\n\t\t\t\t<\/div>\n\t\t\t\t<\/div>\n\t\t\t\t<\/div>\n\t\t<div class=\"elementor-element elementor-element-393bc47 e-con-full e-flex e-con e-child\" data-id=\"393bc47\" data-element_type=\"container\">\n\t\t<div class=\"elementor-element elementor-element-7cf1813 e-con-full e-flex e-con e-child\" data-id=\"7cf1813\" data-element_type=\"container\" data-settings=\"{&quot;background_background&quot;:&quot;classic&quot;}\">\n\t\t\t\t<div class=\"elementor-element elementor-element-ad34c7d elementor-view-default elementor-widget elementor-widget-icon\" data-id=\"ad34c7d\" data-element_type=\"widget\" data-widget_type=\"icon.default\">\n\t\t\t\t<div class=\"elementor-widget-container\">\n\t\t\t\t\t\t\t<div class=\"elementor-icon-wrapper\">\n\t\t\t<div class=\"elementor-icon\">\n\t\t\t<svg xmlns=\"http:\/\/www.w3.org\/2000\/svg\" width=\"40\" height=\"40\" viewBox=\"0 0 40 40\" fill=\"none\"><rect width=\"40\" height=\"40\" rx=\"20\" fill=\"#D9FFF2\"><\/rect><path d=\"M20 30C25.5228 30 30 25.5228 30 20C30 14.4772 25.5228 10 20 10C14.4772 10 10 14.4772 10 20C10 25.5228 14.4772 30 20 30Z\" stroke=\"#2BE3A3\" stroke-width=\"1.5\" stroke-linecap=\"round\" stroke-linejoin=\"round\"><\/path><path d=\"M24 20C24 26.6667 20 30 20 30C20 30 16 26.6667 16 20C16 13.3333 20 10 20 10C20 10 24 13.3333 24 20Z\" stroke=\"#2BE3A3\" stroke-width=\"1.5\" stroke-linecap=\"round\" stroke-linejoin=\"round\"><\/path><path d=\"M11 17H29\" stroke=\"#2BE3A3\" stroke-width=\"1.5\" stroke-linecap=\"round\" stroke-linejoin=\"round\"><\/path><path d=\"M11 23H29\" stroke=\"#2BE3A3\" stroke-width=\"1.5\" stroke-linecap=\"round\" stroke-linejoin=\"round\"><\/path><\/svg>\t\t\t<\/div>\n\t\t<\/div>\n\t\t\t\t\t\t<\/div>\n\t\t\t\t<\/div>\n\t\t\t\t<div class=\"elementor-element elementor-element-08ab0bb elementor-widget__width-inherit elementor-widget elementor-widget-heading\" data-id=\"08ab0bb\" data-element_type=\"widget\" data-widget_type=\"heading.default\">\n\t\t\t\t<div class=\"elementor-widget-container\">\n\t\t\t\t\t<h5 class=\"elementor-heading-title elementor-size-default\">100% online, no seu ritmo<\/h5>\t\t\t\t<\/div>\n\t\t\t\t<\/div>\n\t\t\t\t<div class=\"elementor-element elementor-element-6d84119 elementor-widget__width-inherit elementor-widget elementor-widget-text-editor\" data-id=\"6d84119\" data-element_type=\"widget\" data-widget_type=\"text-editor.default\">\n\t\t\t\t<div class=\"elementor-widget-container\">\n\t\t\t\t\t\t\t\t\t<p>Tenha acesso a uma plataforma online com todas as aulas dispon\u00edveis a qualquer momento.<\/p>\t\t\t\t\t\t\t\t<\/div>\n\t\t\t\t<\/div>\n\t\t\t\t<\/div>\n\t\t<div class=\"elementor-element elementor-element-bb832bb e-con-full e-flex e-con e-child\" data-id=\"bb832bb\" data-element_type=\"container\" data-settings=\"{&quot;background_background&quot;:&quot;classic&quot;}\">\n\t\t\t\t<div class=\"elementor-element elementor-element-fff1f85 elementor-widget elementor-widget-heading\" data-id=\"fff1f85\" data-element_type=\"widget\" data-widget_type=\"heading.default\">\n\t\t\t\t<div class=\"elementor-widget-container\">\n\t\t\t\t\t<span class=\"elementor-heading-title elementor-size-default\">R\u00e1pido &amp; eficiente<\/span>\t\t\t\t<\/div>\n\t\t\t\t<\/div>\n\t\t\t\t<div class=\"elementor-element elementor-element-13291ea elementor-widget__width-inherit elementor-widget elementor-widget-heading\" data-id=\"13291ea\" data-element_type=\"widget\" data-widget_type=\"heading.default\">\n\t\t\t\t<div class=\"elementor-widget-container\">\n\t\t\t\t\t<h5 class=\"elementor-heading-title elementor-size-default\">100% online, no seu ritmo<\/h5>\t\t\t\t<\/div>\n\t\t\t\t<\/div>\n\t\t\t\t<div class=\"elementor-element elementor-element-fd69902 elementor-widget__width-inherit elementor-widget elementor-widget-text-editor\" data-id=\"fd69902\" data-element_type=\"widget\" data-widget_type=\"text-editor.default\">\n\t\t\t\t<div class=\"elementor-widget-container\">\n\t\t\t\t\t\t\t\t\t<p>Tenha acesso a uma plataforma online com todas as aulas dispon\u00edveis a qualquer momento.<\/p>\t\t\t\t\t\t\t\t<\/div>\n\t\t\t\t<\/div>\n\t\t\t\t<\/div>\n\t\t\t\t<\/div>\n\t\t\t\t<\/div>\n\t\t\t\t\t<\/div>\n\t\t\t\t<\/div>\n\t\t\t\t<\/div>\n\t\t","protected":false},"excerpt":{"rendered":"<p>Suporte ao Aluno \u00c9 nosso aluno e precisa de ajuda? Preencha o formul\u00e1rio abaixo e retornaremos o mais r\u00e1pido possivel. Acess\u00edvel a todos Tudo para voc\u00ea aprender com mais qualidade e praticidade Acess\u00edvel a todos Para fam\u00edlias e profissionais Seja voc\u00ea um profissional ou familiar, aprenda estrat\u00e9gias para melhorar a comunica\u00e7\u00e3o, desenvolver habilidades e lidar [&hellip;]<\/p>\n","protected":false},"author":1,"featured_media":0,"parent":0,"menu_order":0,"comment_status":"closed","ping_status":"closed","template":"","meta":{"_acf_changed":false,"footnotes":""},"class_list":["post-669","page","type-page","status-publish","hentry"],"acf":[],"_links":{"self":[{"href":"https:\/\/beabaic.com\/academy\/wp-json\/wp\/v2\/pages\/669","targetHints":{"allow":["GET"]}}],"collection":[{"href":"https:\/\/beabaic.com\/academy\/wp-json\/wp\/v2\/pages"}],"about":[{"href":"https:\/\/beabaic.com\/academy\/wp-json\/wp\/v2\/types\/page"}],"author":[{"embeddable":true,"href":"https:\/\/beabaic.com\/academy\/wp-json\/wp\/v2\/users\/1"}],"replies":[{"embeddable":true,"href":"https:\/\/beabaic.com\/academy\/wp-json\/wp\/v2\/comments?post=669"}],"version-history":[{"count":17,"href":"https:\/\/beabaic.com\/academy\/wp-json\/wp\/v2\/pages\/669\/revisions"}],"predecessor-version":[{"id":824,"href":"https:\/\/beabaic.com\/academy\/wp-json\/wp\/v2\/pages\/669\/revisions\/824"}],"wp:attachment":[{"href":"https:\/\/beabaic.com\/academy\/wp-json\/wp\/v2\/media?parent=669"}],"curies":[{"name":"wp","href":"https:\/\/api.w.org\/{rel}","templated":true}]}}