{"id":631,"date":"2025-02-17T14:30:46","date_gmt":"2025-02-17T17:30:46","guid":{"rendered":"https:\/\/beabaic.com\/academy\/?page_id=631"},"modified":"2025-02-20T13:16:39","modified_gmt":"2025-02-20T16:16:39","slug":"sobre-nos","status":"publish","type":"page","link":"https:\/\/beabaic.com\/academy\/sobre-nos\/","title":{"rendered":"Sobre N\u00f3s"},"content":{"rendered":"\t\t<div data-elementor-type=\"wp-page\" data-elementor-id=\"631\" class=\"elementor elementor-631\" data-elementor-post-type=\"page\">\n\t\t\t\t<div class=\"elementor-element elementor-element-5056bed e-flex e-con-boxed e-con e-parent\" data-id=\"5056bed\" data-element_type=\"container\">\n\t\t\t\t\t<div class=\"e-con-inner\">\n\t\t<div class=\"elementor-element elementor-element-5bf4667 e-con-full e-flex e-con e-child\" data-id=\"5bf4667\" data-element_type=\"container\">\n\t\t\t\t<div class=\"elementor-element elementor-element-796b17b elementor-widget elementor-widget-shortcode\" data-id=\"796b17b\" data-element_type=\"widget\" data-widget_type=\"shortcode.default\">\n\t\t\t\t<div class=\"elementor-widget-container\">\n\t\t\t\t\t\t\t<div class=\"elementor-shortcode\"><nav aria-label=\"breadcrumbs\" class=\"rank-math-breadcrumb\"><p><span class=\"last\">In\u00edcio<\/span><\/p><\/nav><\/div>\n\t\t\t\t\t\t<\/div>\n\t\t\t\t<\/div>\n\t\t\t\t<div class=\"elementor-element elementor-element-d3b97ca elementor-widget elementor-widget-heading\" data-id=\"d3b97ca\" data-element_type=\"widget\" data-widget_type=\"heading.default\">\n\t\t\t\t<div class=\"elementor-widget-container\">\n\t\t\t\t\t<h1 class=\"elementor-heading-title elementor-size-default\">Uma hist\u00f3ria movida pela vontade de ajudar.<\/h1>\t\t\t\t<\/div>\n\t\t\t\t<\/div>\n\t\t\t\t<div class=\"elementor-element elementor-element-4f882ab elementor-widget elementor-widget-text-editor\" data-id=\"4f882ab\" data-element_type=\"widget\" data-widget_type=\"text-editor.default\">\n\t\t\t\t<div class=\"elementor-widget-container\">\n\t\t\t\t\t\t\t\t\t<p>Na BeABA \u2013 Interven\u00e7\u00e3o Comportamental, acreditamos que cada indiv\u00edduo merece o melhor suporte para desenvolver todo o seu potencial.<\/p>\t\t\t\t\t\t\t\t<\/div>\n\t\t\t\t<\/div>\n\t\t\t\t<div class=\"elementor-element elementor-element-28ea35d elementor-widget elementor-widget-text-editor\" data-id=\"28ea35d\" data-element_type=\"widget\" data-widget_type=\"text-editor.default\">\n\t\t\t\t<div class=\"elementor-widget-container\">\n\t\t\t\t\t\t\t\t\t<p>Nosso espa\u00e7o \u00e9 amplo e acolhedor, projetado para oferecer um ambiente seguro, multidisciplinar e estimulante, onde crian\u00e7as e adolescentes se desenvolvem com confian\u00e7a e amor atrav\u00e9s da ci\u00eancia ABA.<\/p>\t\t\t\t\t\t\t\t<\/div>\n\t\t\t\t<\/div>\n\t\t\t\t<div class=\"elementor-element elementor-element-80294d3 elementor-mobile-align-justify elementor-widget-mobile__width-inherit elementor-widget elementor-widget-button\" data-id=\"80294d3\" data-element_type=\"widget\" data-widget_type=\"button.default\">\n\t\t\t\t<div class=\"elementor-widget-container\">\n\t\t\t\t\t\t\t\t\t<div class=\"elementor-button-wrapper\">\n\t\t\t\t\t<a class=\"elementor-button elementor-button-link elementor-size-sm\" href=\"#\">\n\t\t\t\t\t\t<span class=\"elementor-button-content-wrapper\">\n\t\t\t\t\t\t\t\t\t<span class=\"elementor-button-text\">Quero aprender com a BeABA<\/span>\n\t\t\t\t\t<\/span>\n\t\t\t\t\t<\/a>\n\t\t\t\t<\/div>\n\t\t\t\t\t\t\t\t<\/div>\n\t\t\t\t<\/div>\n\t\t\t\t<\/div>\n\t\t<div class=\"elementor-element elementor-element-5430ecb e-con-full e-flex e-con e-child\" data-id=\"5430ecb\" data-element_type=\"container\">\n\t\t\t\t<div class=\"elementor-element elementor-element-003834a elementor-widget elementor-widget-image\" data-id=\"003834a\" data-element_type=\"widget\" data-widget_type=\"image.default\">\n\t\t\t\t<div class=\"elementor-widget-container\">\n\t\t\t\t\t\t\t\t\t\t\t\t\t\t\t<img fetchpriority=\"high\" decoding=\"async\" width=\"800\" height=\"579\" src=\"https:\/\/beabaic.com\/academy\/wp-content\/uploads\/2025\/02\/BeABA-41715-edit.jpg-1024x741.webp\" class=\"attachment-large size-large wp-image-640\" alt=\"\" srcset=\"https:\/\/beabaic.com\/academy\/wp-content\/uploads\/2025\/02\/BeABA-41715-edit.jpg-1024x741.webp 1024w, https:\/\/beabaic.com\/academy\/wp-content\/uploads\/2025\/02\/BeABA-41715-edit.jpg-300x217.webp 300w, https:\/\/beabaic.com\/academy\/wp-content\/uploads\/2025\/02\/BeABA-41715-edit.jpg-768x556.webp 768w, https:\/\/beabaic.com\/academy\/wp-content\/uploads\/2025\/02\/BeABA-41715-edit.jpg.webp 1136w\" sizes=\"(max-width: 800px) 100vw, 800px\" \/>\t\t\t\t\t\t\t\t\t\t\t\t\t\t\t<\/div>\n\t\t\t\t<\/div>\n\t\t\t\t<\/div>\n\t\t\t\t\t<\/div>\n\t\t\t\t<\/div>\n\t\t<div class=\"elementor-element elementor-element-9dc7217 e-flex e-con-boxed e-con e-parent\" data-id=\"9dc7217\" data-element_type=\"container\">\n\t\t\t\t\t<div class=\"e-con-inner\">\n\t\t\t\t<div class=\"elementor-element elementor-element-c08105f elementor-widget elementor-widget-heading\" data-id=\"c08105f\" data-element_type=\"widget\" data-widget_type=\"heading.default\">\n\t\t\t\t<div class=\"elementor-widget-container\">\n\t\t\t\t\t<h4 class=\"elementor-heading-title elementor-size-default\">O que mais me move \u00e9 ver fam\u00edlias recuperando a esperan\u00e7a e profissionais descobrindo seu verdadeiro potencial de impactar vidas. Cada hist\u00f3ria de supera\u00e7\u00e3o renova meu prop\u00f3sito de disseminar uma ABA mais humana e efetiva.<\/h4>\t\t\t\t<\/div>\n\t\t\t\t<\/div>\n\t\t\t\t<div class=\"elementor-element elementor-element-cbe0a67 elementor-widget elementor-widget-heading\" data-id=\"cbe0a67\" data-element_type=\"widget\" data-widget_type=\"heading.default\">\n\t\t\t\t<div class=\"elementor-widget-container\">\n\t\t\t\t\t<span class=\"elementor-heading-title elementor-size-default\">Grazielle Martins - Fundadora da BeABA<\/span>\t\t\t\t<\/div>\n\t\t\t\t<\/div>\n\t\t\t\t\t<\/div>\n\t\t\t\t<\/div>\n\t\t<div class=\"elementor-element elementor-element-2b5a39b e-flex e-con-boxed e-con e-parent\" data-id=\"2b5a39b\" data-element_type=\"container\">\n\t\t\t\t\t<div class=\"e-con-inner\">\n\t\t\t\t<div class=\"elementor-element elementor-element-54c3a00 elementor-widget__width-initial elementor-widget-mobile__width-inherit elementor-widget elementor-widget-counter\" data-id=\"54c3a00\" data-element_type=\"widget\" data-widget_type=\"counter.default\">\n\t\t\t\t<div class=\"elementor-widget-container\">\n\t\t\t\t\t\t\t<div class=\"elementor-counter\">\n\t\t\t<div class=\"elementor-counter-title\">Horas Aulas Ministradas<\/div>\t\t\t<div class=\"elementor-counter-number-wrapper\">\n\t\t\t\t<span class=\"elementor-counter-number-prefix\">+<\/span>\n\t\t\t\t<span class=\"elementor-counter-number\" data-duration=\"2000\" data-to-value=\"1000\" data-from-value=\"0\" data-delimiter=\".\">0<\/span>\n\t\t\t\t<span class=\"elementor-counter-number-suffix\"><\/span>\n\t\t\t<\/div>\n\t\t<\/div>\n\t\t\t\t\t\t<\/div>\n\t\t\t\t<\/div>\n\t\t\t\t<div class=\"elementor-element elementor-element-4515ae2 elementor-widget__width-initial elementor-widget-mobile__width-inherit elementor-widget elementor-widget-counter\" data-id=\"4515ae2\" data-element_type=\"widget\" data-widget_type=\"counter.default\">\n\t\t\t\t<div class=\"elementor-widget-container\">\n\t\t\t\t\t\t\t<div class=\"elementor-counter\">\n\t\t\t<div class=\"elementor-counter-title\">Anos de Experi\u00eancia<\/div>\t\t\t<div class=\"elementor-counter-number-wrapper\">\n\t\t\t\t<span class=\"elementor-counter-number-prefix\">+<\/span>\n\t\t\t\t<span class=\"elementor-counter-number\" data-duration=\"2000\" data-to-value=\"8\" data-from-value=\"0\" data-delimiter=\",\">0<\/span>\n\t\t\t\t<span class=\"elementor-counter-number-suffix\"><\/span>\n\t\t\t<\/div>\n\t\t<\/div>\n\t\t\t\t\t\t<\/div>\n\t\t\t\t<\/div>\n\t\t\t\t<div class=\"elementor-element elementor-element-e89d41e elementor-widget__width-initial elementor-widget-mobile__width-inherit elementor-widget elementor-widget-counter\" data-id=\"e89d41e\" data-element_type=\"widget\" data-widget_type=\"counter.default\">\n\t\t\t\t<div class=\"elementor-widget-container\">\n\t\t\t\t\t\t\t<div class=\"elementor-counter\">\n\t\t\t<div class=\"elementor-counter-title\">Profissionais Capacitados<\/div>\t\t\t<div class=\"elementor-counter-number-wrapper\">\n\t\t\t\t<span class=\"elementor-counter-number-prefix\">+<\/span>\n\t\t\t\t<span class=\"elementor-counter-number\" data-duration=\"2000\" data-to-value=\"600\" data-from-value=\"0\" data-delimiter=\",\">0<\/span>\n\t\t\t\t<span class=\"elementor-counter-number-suffix\"><\/span>\n\t\t\t<\/div>\n\t\t<\/div>\n\t\t\t\t\t\t<\/div>\n\t\t\t\t<\/div>\n\t\t\t\t\t<\/div>\n\t\t\t\t<\/div>\n\t\t<div class=\"elementor-element elementor-element-13a9419 e-flex e-con-boxed e-con e-parent\" data-id=\"13a9419\" data-element_type=\"container\">\n\t\t\t\t\t<div class=\"e-con-inner\">\n\t\t\t\t<div class=\"elementor-element elementor-element-138c75f elementor-widget elementor-widget-gallery\" data-id=\"138c75f\" data-element_type=\"widget\" data-settings=\"{&quot;gallery_layout&quot;:&quot;masonry&quot;,&quot;columns_mobile&quot;:2,&quot;lazyload&quot;:&quot;yes&quot;,&quot;columns&quot;:4,&quot;columns_tablet&quot;:2,&quot;gap&quot;:{&quot;unit&quot;:&quot;px&quot;,&quot;size&quot;:10,&quot;sizes&quot;:[]},&quot;gap_tablet&quot;:{&quot;unit&quot;:&quot;px&quot;,&quot;size&quot;:10,&quot;sizes&quot;:[]},&quot;gap_mobile&quot;:{&quot;unit&quot;:&quot;px&quot;,&quot;size&quot;:10,&quot;sizes&quot;:[]},&quot;link_to&quot;:&quot;file&quot;,&quot;overlay_background&quot;:&quot;yes&quot;,&quot;content_hover_animation&quot;:&quot;fade-in&quot;}\" data-widget_type=\"gallery.default\">\n\t\t\t\t<div class=\"elementor-widget-container\">\n\t\t\t\t\t\t\t<div class=\"elementor-gallery__container\">\n\t\t\t\t\t\t\t<a class=\"e-gallery-item elementor-gallery-item elementor-animated-content\" href=\"https:\/\/beabaic.com\/academy\/wp-content\/uploads\/2025\/02\/IMG_4782-scaled.webp\" data-elementor-open-lightbox=\"yes\" data-elementor-lightbox-slideshow=\"138c75f\" data-elementor-lightbox-title=\"IMG_4782\" data-e-action-hash=\"#elementor-action%3Aaction%3Dlightbox%26settings%3DeyJpZCI6NzU3LCJ1cmwiOiJodHRwczpcL1wvYmVhYmFpYy5jb21cL2FjYWRlbXlcL3dwLWNvbnRlbnRcL3VwbG9hZHNcLzIwMjVcLzAyXC9JTUdfNDc4Mi1zY2FsZWQud2VicCIsInNsaWRlc2hvdyI6IjEzOGM3NWYifQ%3D%3D\">\n\t\t\t\t\t<div class=\"e-gallery-image elementor-gallery-item__image\" data-thumbnail=\"https:\/\/beabaic.com\/academy\/wp-content\/uploads\/2025\/02\/IMG_4782-scaled.webp\" data-width=\"2560\" data-height=\"1920\" aria-label=\"\" role=\"img\" ><\/div>\n\t\t\t\t\t\t\t\t\t\t\t<div class=\"elementor-gallery-item__overlay\"><\/div>\n\t\t\t\t\t\t\t\t\t\t\t\t\t\t<\/a>\n\t\t\t\t\t\t\t<a class=\"e-gallery-item elementor-gallery-item elementor-animated-content\" href=\"https:\/\/beabaic.com\/academy\/wp-content\/uploads\/2025\/02\/IMG_3282-scaled.webp\" data-elementor-open-lightbox=\"yes\" data-elementor-lightbox-slideshow=\"138c75f\" data-elementor-lightbox-title=\"IMG_3282\" data-e-action-hash=\"#elementor-action%3Aaction%3Dlightbox%26settings%3DeyJpZCI6NzU0LCJ1cmwiOiJodHRwczpcL1wvYmVhYmFpYy5jb21cL2FjYWRlbXlcL3dwLWNvbnRlbnRcL3VwbG9hZHNcLzIwMjVcLzAyXC9JTUdfMzI4Mi1zY2FsZWQud2VicCIsInNsaWRlc2hvdyI6IjEzOGM3NWYifQ%3D%3D\">\n\t\t\t\t\t<div class=\"e-gallery-image elementor-gallery-item__image\" data-thumbnail=\"https:\/\/beabaic.com\/academy\/wp-content\/uploads\/2025\/02\/IMG_3282-scaled.webp\" data-width=\"1920\" data-height=\"2560\" aria-label=\"\" role=\"img\" ><\/div>\n\t\t\t\t\t\t\t\t\t\t\t<div class=\"elementor-gallery-item__overlay\"><\/div>\n\t\t\t\t\t\t\t\t\t\t\t\t\t\t<\/a>\n\t\t\t\t\t\t\t<a class=\"e-gallery-item elementor-gallery-item elementor-animated-content\" href=\"https:\/\/beabaic.com\/academy\/wp-content\/uploads\/2025\/02\/6f0b046f-6e38-44ec-8ee2-fb7c500a4065.png.webp\" data-elementor-open-lightbox=\"yes\" data-elementor-lightbox-slideshow=\"138c75f\" data-elementor-lightbox-title=\"6f0b046f-6e38-44ec-8ee2-fb7c500a4065.png\" data-e-action-hash=\"#elementor-action%3Aaction%3Dlightbox%26settings%3DeyJpZCI6NjQyLCJ1cmwiOiJodHRwczpcL1wvYmVhYmFpYy5jb21cL2FjYWRlbXlcL3dwLWNvbnRlbnRcL3VwbG9hZHNcLzIwMjVcLzAyXC82ZjBiMDQ2Zi02ZTM4LTQ0ZWMtOGVlMi1mYjdjNTAwYTQwNjUucG5nLndlYnAiLCJzbGlkZXNob3ciOiIxMzhjNzVmIn0%3D\">\n\t\t\t\t\t<div class=\"e-gallery-image elementor-gallery-item__image\" data-thumbnail=\"https:\/\/beabaic.com\/academy\/wp-content\/uploads\/2025\/02\/6f0b046f-6e38-44ec-8ee2-fb7c500a4065.png.webp\" data-width=\"828\" data-height=\"633\" aria-label=\"\" role=\"img\" ><\/div>\n\t\t\t\t\t\t\t\t\t\t\t<div class=\"elementor-gallery-item__overlay\"><\/div>\n\t\t\t\t\t\t\t\t\t\t\t\t\t\t<\/a>\n\t\t\t\t\t\t\t<a class=\"e-gallery-item elementor-gallery-item elementor-animated-content\" href=\"https:\/\/beabaic.com\/academy\/wp-content\/uploads\/2025\/02\/WhatsApp-Image-2024-10-15-at-20.51.29.jpeg.webp\" data-elementor-open-lightbox=\"yes\" data-elementor-lightbox-slideshow=\"138c75f\" data-elementor-lightbox-title=\"WhatsApp-Image-2024-10-15-at-20.51.29.jpeg\" data-e-action-hash=\"#elementor-action%3Aaction%3Dlightbox%26settings%3DeyJpZCI6NjU1LCJ1cmwiOiJodHRwczpcL1wvYmVhYmFpYy5jb21cL2FjYWRlbXlcL3dwLWNvbnRlbnRcL3VwbG9hZHNcLzIwMjVcLzAyXC9XaGF0c0FwcC1JbWFnZS0yMDI0LTEwLTE1LWF0LTIwLjUxLjI5LmpwZWcud2VicCIsInNsaWRlc2hvdyI6IjEzOGM3NWYifQ%3D%3D\">\n\t\t\t\t\t<div class=\"e-gallery-image elementor-gallery-item__image\" data-thumbnail=\"https:\/\/beabaic.com\/academy\/wp-content\/uploads\/2025\/02\/WhatsApp-Image-2024-10-15-at-20.51.29.jpeg.webp\" data-width=\"960\" data-height=\"1280\" aria-label=\"\" role=\"img\" ><\/div>\n\t\t\t\t\t\t\t\t\t\t\t<div class=\"elementor-gallery-item__overlay\"><\/div>\n\t\t\t\t\t\t\t\t\t\t\t\t\t\t<\/a>\n\t\t\t\t\t\t\t<a class=\"e-gallery-item elementor-gallery-item elementor-animated-content\" href=\"https:\/\/beabaic.com\/academy\/wp-content\/uploads\/2025\/02\/IMG_4801-scaled.webp\" data-elementor-open-lightbox=\"yes\" data-elementor-lightbox-slideshow=\"138c75f\" data-elementor-lightbox-title=\"IMG_4801\" data-e-action-hash=\"#elementor-action%3Aaction%3Dlightbox%26settings%3DeyJpZCI6NzU5LCJ1cmwiOiJodHRwczpcL1wvYmVhYmFpYy5jb21cL2FjYWRlbXlcL3dwLWNvbnRlbnRcL3VwbG9hZHNcLzIwMjVcLzAyXC9JTUdfNDgwMS1zY2FsZWQud2VicCIsInNsaWRlc2hvdyI6IjEzOGM3NWYifQ%3D%3D\">\n\t\t\t\t\t<div class=\"e-gallery-image elementor-gallery-item__image\" data-thumbnail=\"https:\/\/beabaic.com\/academy\/wp-content\/uploads\/2025\/02\/IMG_4801-scaled.webp\" data-width=\"1920\" data-height=\"2560\" aria-label=\"\" role=\"img\" ><\/div>\n\t\t\t\t\t\t\t\t\t\t\t<div class=\"elementor-gallery-item__overlay\"><\/div>\n\t\t\t\t\t\t\t\t\t\t\t\t\t\t<\/a>\n\t\t\t\t\t\t\t<a class=\"e-gallery-item elementor-gallery-item elementor-animated-content\" href=\"https:\/\/beabaic.com\/academy\/wp-content\/uploads\/2025\/02\/IMG_3288-scaled.webp\" data-elementor-open-lightbox=\"yes\" data-elementor-lightbox-slideshow=\"138c75f\" data-elementor-lightbox-title=\"IMG_3288\" data-e-action-hash=\"#elementor-action%3Aaction%3Dlightbox%26settings%3DeyJpZCI6NzU2LCJ1cmwiOiJodHRwczpcL1wvYmVhYmFpYy5jb21cL2FjYWRlbXlcL3dwLWNvbnRlbnRcL3VwbG9hZHNcLzIwMjVcLzAyXC9JTUdfMzI4OC1zY2FsZWQud2VicCIsInNsaWRlc2hvdyI6IjEzOGM3NWYifQ%3D%3D\">\n\t\t\t\t\t<div class=\"e-gallery-image elementor-gallery-item__image\" data-thumbnail=\"https:\/\/beabaic.com\/academy\/wp-content\/uploads\/2025\/02\/IMG_3288-scaled.webp\" data-width=\"1920\" data-height=\"2560\" aria-label=\"\" role=\"img\" ><\/div>\n\t\t\t\t\t\t\t\t\t\t\t<div class=\"elementor-gallery-item__overlay\"><\/div>\n\t\t\t\t\t\t\t\t\t\t\t\t\t\t<\/a>\n\t\t\t\t\t\t\t<a class=\"e-gallery-item elementor-gallery-item elementor-animated-content\" href=\"https:\/\/beabaic.com\/academy\/wp-content\/uploads\/2025\/02\/IMG_3287-scaled.webp\" data-elementor-open-lightbox=\"yes\" data-elementor-lightbox-slideshow=\"138c75f\" data-elementor-lightbox-title=\"IMG_3287\" data-e-action-hash=\"#elementor-action%3Aaction%3Dlightbox%26settings%3DeyJpZCI6NzU1LCJ1cmwiOiJodHRwczpcL1wvYmVhYmFpYy5jb21cL2FjYWRlbXlcL3dwLWNvbnRlbnRcL3VwbG9hZHNcLzIwMjVcLzAyXC9JTUdfMzI4Ny1zY2FsZWQud2VicCIsInNsaWRlc2hvdyI6IjEzOGM3NWYifQ%3D%3D\">\n\t\t\t\t\t<div class=\"e-gallery-image elementor-gallery-item__image\" data-thumbnail=\"https:\/\/beabaic.com\/academy\/wp-content\/uploads\/2025\/02\/IMG_3287-scaled.webp\" data-width=\"1920\" data-height=\"2560\" aria-label=\"\" role=\"img\" ><\/div>\n\t\t\t\t\t\t\t\t\t\t\t<div class=\"elementor-gallery-item__overlay\"><\/div>\n\t\t\t\t\t\t\t\t\t\t\t\t\t\t<\/a>\n\t\t\t\t\t\t\t<a class=\"e-gallery-item elementor-gallery-item elementor-animated-content\" href=\"https:\/\/beabaic.com\/academy\/wp-content\/uploads\/2025\/02\/0b8a8e4b-2b90-47f4-8a9b-700abda567f1.jpg.webp\" data-elementor-open-lightbox=\"yes\" data-elementor-lightbox-slideshow=\"138c75f\" data-elementor-lightbox-title=\"0b8a8e4b-2b90-47f4-8a9b-700abda567f1.jpg\" data-e-action-hash=\"#elementor-action%3Aaction%3Dlightbox%26settings%3DeyJpZCI6NjQxLCJ1cmwiOiJodHRwczpcL1wvYmVhYmFpYy5jb21cL2FjYWRlbXlcL3dwLWNvbnRlbnRcL3VwbG9hZHNcLzIwMjVcLzAyXC8wYjhhOGU0Yi0yYjkwLTQ3ZjQtOGE5Yi03MDBhYmRhNTY3ZjEuanBnLndlYnAiLCJzbGlkZXNob3ciOiIxMzhjNzVmIn0%3D\">\n\t\t\t\t\t<div class=\"e-gallery-image elementor-gallery-item__image\" data-thumbnail=\"https:\/\/beabaic.com\/academy\/wp-content\/uploads\/2025\/02\/0b8a8e4b-2b90-47f4-8a9b-700abda567f1.jpg.webp\" data-width=\"1200\" data-height=\"1600\" aria-label=\"\" role=\"img\" ><\/div>\n\t\t\t\t\t\t\t\t\t\t\t<div class=\"elementor-gallery-item__overlay\"><\/div>\n\t\t\t\t\t\t\t\t\t\t\t\t\t\t<\/a>\n\t\t\t\t\t\t\t<a class=\"e-gallery-item elementor-gallery-item elementor-animated-content\" href=\"https:\/\/beabaic.com\/academy\/wp-content\/uploads\/2025\/02\/WhatsApp-Image-2024-10-15-at-20.50.43.jpeg.webp\" data-elementor-open-lightbox=\"yes\" data-elementor-lightbox-slideshow=\"138c75f\" data-elementor-lightbox-title=\"WhatsApp-Image-2024-10-15-at-20.50.43.jpeg\" data-e-action-hash=\"#elementor-action%3Aaction%3Dlightbox%26settings%3DeyJpZCI6NjU0LCJ1cmwiOiJodHRwczpcL1wvYmVhYmFpYy5jb21cL2FjYWRlbXlcL3dwLWNvbnRlbnRcL3VwbG9hZHNcLzIwMjVcLzAyXC9XaGF0c0FwcC1JbWFnZS0yMDI0LTEwLTE1LWF0LTIwLjUwLjQzLmpwZWcud2VicCIsInNsaWRlc2hvdyI6IjEzOGM3NWYifQ%3D%3D\">\n\t\t\t\t\t<div class=\"e-gallery-image elementor-gallery-item__image\" data-thumbnail=\"https:\/\/beabaic.com\/academy\/wp-content\/uploads\/2025\/02\/WhatsApp-Image-2024-10-15-at-20.50.43.jpeg.webp\" data-width=\"960\" data-height=\"1280\" aria-label=\"\" role=\"img\" ><\/div>\n\t\t\t\t\t\t\t\t\t\t\t<div class=\"elementor-gallery-item__overlay\"><\/div>\n\t\t\t\t\t\t\t\t\t\t\t\t\t\t<\/a>\n\t\t\t\t\t\t\t<a class=\"e-gallery-item elementor-gallery-item elementor-animated-content\" href=\"https:\/\/beabaic.com\/academy\/wp-content\/uploads\/2025\/02\/52F3420C-3D9E-404F-BC7F-C1A5BE349AB9-e1731583730799.jpg.webp\" data-elementor-open-lightbox=\"yes\" data-elementor-lightbox-slideshow=\"138c75f\" data-elementor-lightbox-title=\"52F3420C-3D9E-404F-BC7F-C1A5BE349AB9-e1731583730799.jpg\" data-e-action-hash=\"#elementor-action%3Aaction%3Dlightbox%26settings%3DeyJpZCI6NjQzLCJ1cmwiOiJodHRwczpcL1wvYmVhYmFpYy5jb21cL2FjYWRlbXlcL3dwLWNvbnRlbnRcL3VwbG9hZHNcLzIwMjVcLzAyXC81MkYzNDIwQy0zRDlFLTQwNEYtQkM3Ri1DMUE1QkUzNDlBQjktZTE3MzE1ODM3MzA3OTkuanBnLndlYnAiLCJzbGlkZXNob3ciOiIxMzhjNzVmIn0%3D\">\n\t\t\t\t\t<div class=\"e-gallery-image elementor-gallery-item__image\" data-thumbnail=\"https:\/\/beabaic.com\/academy\/wp-content\/uploads\/2025\/02\/52F3420C-3D9E-404F-BC7F-C1A5BE349AB9-e1731583730799.jpg.webp\" data-width=\"1179\" data-height=\"1586\" aria-label=\"\" role=\"img\" ><\/div>\n\t\t\t\t\t\t\t\t\t\t\t<div class=\"elementor-gallery-item__overlay\"><\/div>\n\t\t\t\t\t\t\t\t\t\t\t\t\t\t<\/a>\n\t\t\t\t\t\t\t<a class=\"e-gallery-item elementor-gallery-item elementor-animated-content\" href=\"https:\/\/beabaic.com\/academy\/wp-content\/uploads\/2025\/02\/aIMG_4782-scaled.webp\" data-elementor-open-lightbox=\"yes\" data-elementor-lightbox-slideshow=\"138c75f\" data-elementor-lightbox-title=\"aIMG_4782\" data-e-action-hash=\"#elementor-action%3Aaction%3Dlightbox%26settings%3DeyJpZCI6NzUzLCJ1cmwiOiJodHRwczpcL1wvYmVhYmFpYy5jb21cL2FjYWRlbXlcL3dwLWNvbnRlbnRcL3VwbG9hZHNcLzIwMjVcLzAyXC9hSU1HXzQ3ODItc2NhbGVkLndlYnAiLCJzbGlkZXNob3ciOiIxMzhjNzVmIn0%3D\">\n\t\t\t\t\t<div class=\"e-gallery-image elementor-gallery-item__image\" data-thumbnail=\"https:\/\/beabaic.com\/academy\/wp-content\/uploads\/2025\/02\/aIMG_4782-scaled.webp\" data-width=\"1920\" data-height=\"2560\" aria-label=\"\" role=\"img\" ><\/div>\n\t\t\t\t\t\t\t\t\t\t\t<div class=\"elementor-gallery-item__overlay\"><\/div>\n\t\t\t\t\t\t\t\t\t\t\t\t\t\t<\/a>\n\t\t\t\t\t<\/div>\n\t\t\t\t\t<\/div>\n\t\t\t\t<\/div>\n\t\t\t\t\t<\/div>\n\t\t\t\t<\/div>\n\t\t\t\t<\/div>\n\t\t","protected":false},"excerpt":{"rendered":"<p>Uma hist\u00f3ria movida pela vontade de ajudar. Na BeABA \u2013 Interven\u00e7\u00e3o Comportamental, acreditamos que cada indiv\u00edduo merece o melhor suporte para desenvolver todo o seu potencial. Nosso espa\u00e7o \u00e9 amplo e acolhedor, projetado para oferecer um ambiente seguro, multidisciplinar e estimulante, onde crian\u00e7as e adolescentes se desenvolvem com confian\u00e7a e amor atrav\u00e9s da ci\u00eancia ABA. [&hellip;]<\/p>\n","protected":false},"author":1,"featured_media":0,"parent":0,"menu_order":0,"comment_status":"closed","ping_status":"closed","template":"","meta":{"_acf_changed":false,"footnotes":""},"class_list":["post-631","page","type-page","status-publish","hentry"],"acf":[],"_links":{"self":[{"href":"https:\/\/beabaic.com\/academy\/wp-json\/wp\/v2\/pages\/631","targetHints":{"allow":["GET"]}}],"collection":[{"href":"https:\/\/beabaic.com\/academy\/wp-json\/wp\/v2\/pages"}],"about":[{"href":"https:\/\/beabaic.com\/academy\/wp-json\/wp\/v2\/types\/page"}],"author":[{"embeddable":true,"href":"https:\/\/beabaic.com\/academy\/wp-json\/wp\/v2\/users\/1"}],"replies":[{"embeddable":true,"href":"https:\/\/beabaic.com\/academy\/wp-json\/wp\/v2\/comments?post=631"}],"version-history":[{"count":23,"href":"https:\/\/beabaic.com\/academy\/wp-json\/wp\/v2\/pages\/631\/revisions"}],"predecessor-version":[{"id":800,"href":"https:\/\/beabaic.com\/academy\/wp-json\/wp\/v2\/pages\/631\/revisions\/800"}],"wp:attachment":[{"href":"https:\/\/beabaic.com\/academy\/wp-json\/wp\/v2\/media?parent=631"}],"curies":[{"name":"wp","href":"https:\/\/api.w.org\/{rel}","templated":true}]}}